{"id":22,"date":"2018-12-10T11:33:34","date_gmt":"2018-12-10T11:33:34","guid":{"rendered":"http:\/\/spd-niehl.de\/?page_id=22"},"modified":"2018-12-10T12:35:41","modified_gmt":"2018-12-10T12:35:41","slug":"about","status":"publish","type":"page","link":"http:\/\/spd-niehl.de\/?page_id=22","title":{"rendered":"Der Ortsverein"},"content":{"rendered":"<h3>Gebiet<\/h3>\n<p>Der Ortsverein umfasst den gr\u00f6\u00dften Teil des Gebiets des K\u00f6lner Stadtteils Niehl im Stadtbezirk Nippes. Wer hier wohnhaft ist und sich bei der SPD anmeldet, wird automatisch Mitglied des Ortsvereins. Ein kleiner Teil Niehls im Bereich zwischen Friedrich-Karl-Stra\u00dfe, Niehler Kirchweg bzw. Drosselweg und Niehler Stra\u00dfe geh\u00f6rt nicht zum Gebiet des Ortsvereins Niehl, sondern zum benachbarten Ortsverein Weidenpesch\/Mauenheim.<br \/>\n<br style=\"clear: both;\" \/><iframe loading=\"lazy\" style=\"border: 0;\" src=\"https:\/\/www.google.com\/maps\/d\/embed?mid=1AtkJxMiidtB6hDgLGnYbzOD4HOUUB2Uv\" width=\"600\" height=\"450\" frameborder=\"0\"><\/iframe><\/p>\n<div data-wow-delay=\"0.4s\">\n<h3>Organisation<\/h3>\n<article class=\"article\">Die Organe des Ortsvereins, ihre Zusammensetzung und Aufgaben ergeben sich aus der Satzung des Ortsvereins.<\/p>\n<\/article>\n<h3>Historie<\/h3>\n<article class=\"article\">Die SPD Niehl besteht seit 2003 als eigenst\u00e4ndiger Ortsverein. In der vorherigen Konstellation setzte sich der Ortsverein aus Weidenpesch, Mauenheim und Niehl zusammen. Dieser gro\u00dfe Ortsverein wurde Anfang 2003 aufgel\u00f6st, es entstanden die beiden neuen Ortsvereine Niehl und Weidenpesch\/Mauenheim. Unsere Nachbarortsvereine sind Longerich, Merkenich, Riehl, Weidenpesch\/Mauenheim und Nippes.<\/p>\n<p>Die beiden gr\u00f6\u00dften Projekte, die wir als Ortsverein initiiert haben und erfolgreich abschlie\u00dfen konnten, waren die b\u00fcrgerfreundliche Umgestaltung der Haltestelle Niehl der Linie 12 sowie der Buslinie 147 und Rekultivierung des Spielplatzes an der Pastor-Wolff-Stra\u00dfe. Bei der Haltestelle ging es in erster Linie um die Anpassung der Bahnsteige an den ebenerdigen Einstieg in die Bahn und die Verlegung der Haltestelle auf eine gut einsichtbare Gerade. F\u00fcr den Spielplatz wurden neue Spielger\u00e4te, Sandk\u00e4sten und B\u00e4nke angeschafft. Aus Sicherheitsgr\u00fcnden wurden eine Umz\u00e4unung und eine Ausd\u00fcnnung des Geh\u00f6lzes vorgenommen, um eine bessere Sicht zu gew\u00e4hrleisten. Der Ortsverein hat auch die Patenschaft f\u00fcr den Spielplatz \u00fcbernommen.<\/p>\n<p>N\u00e4heres zu unserer Geschichte findet sich im Archiv.<\/p>\n<\/article>\n<\/div>\n","protected":false},"excerpt":{"rendered":"<p>Gebiet Der Ortsverein umfasst den gr\u00f6\u00dften Teil des Gebiets des K\u00f6lner Stadtteils Niehl im Stadtbezirk Nippes. Wer hier wohnhaft ist und sich bei der SPD anmeldet, wird automatisch Mitglied des Ortsvereins. Ein kleiner Teil Niehls im Bereich zwischen Friedrich-Karl-Stra\u00dfe, Niehler Kirchweg bzw. Drosselweg und Niehler Stra\u00dfe geh\u00f6rt nicht zum Gebiet des Ortsvereins Niehl, sondern zum<\/p><\/div>\n<div class=\"blog-btn\"><a href=\"http:\/\/spd-niehl.de\/?page_id=22\" class=\"home-blog-btn\">Weiterlesen<\/a><\/p>\n","protected":false},"author":1,"featured_media":0,"parent":0,"menu_order":0,"comment_status":"closed","ping_status":"closed","template":"template\/template-about.php","meta":[],"_links":{"self":[{"href":"http:\/\/spd-niehl.de\/index.php?rest_route=\/wp\/v2\/pages\/22"}],"collection":[{"href":"http:\/\/spd-niehl.de\/index.php?rest_route=\/wp\/v2\/pages"}],"about":[{"href":"http:\/\/spd-niehl.de\/index.php?rest_route=\/wp\/v2\/types\/page"}],"author":[{"embeddable":true,"href":"http:\/\/spd-niehl.de\/index.php?rest_route=\/wp\/v2\/users\/1"}],"replies":[{"embeddable":true,"href":"http:\/\/spd-niehl.de\/index.php?rest_route=%2Fwp%2Fv2%2Fcomments&post=22"}],"version-history":[{"count":7,"href":"http:\/\/spd-niehl.de\/index.php?rest_route=\/wp\/v2\/pages\/22\/revisions"}],"predecessor-version":[{"id":68,"href":"http:\/\/spd-niehl.de\/index.php?rest_route=\/wp\/v2\/pages\/22\/revisions\/68"}],"wp:attachment":[{"href":"http:\/\/spd-niehl.de\/index.php?rest_route=%2Fwp%2Fv2%2Fmedia&parent=22"}],"curies":[{"name":"wp","href":"https:\/\/api.w.org\/{rel}","templated":true}]}}